{"id":3795,"date":"2024-06-11T11:44:09","date_gmt":"2024-06-11T09:44:09","guid":{"rendered":"https:\/\/gptq2.probar.com.es\/?page_id=3795"},"modified":"2024-11-14T12:19:36","modified_gmt":"2024-11-14T11:19:36","slug":"politica-de-cookies","status":"publish","type":"page","link":"https:\/\/akrosingenieria.com\/index.php\/politica-de-cookies\/","title":{"rendered":"POL\u00cdTICA DE COOKIES"},"content":{"rendered":"\t\t<div data-elementor-type=\"wp-page\" data-elementor-id=\"3795\" class=\"elementor elementor-3795\" data-elementor-post-type=\"page\">\n\t\t\t\t<div class=\"elementor-element elementor-element-4573efc e-con-full e-flex e-con e-parent\" data-id=\"4573efc\" data-element_type=\"container\" data-settings=\"{&quot;background_background&quot;:&quot;classic&quot;}\">\n\t\t<div class=\"elementor-element elementor-element-5440c57 e-con-full e-flex e-con e-child\" data-id=\"5440c57\" data-element_type=\"container\">\n\t\t\t\t<div class=\"elementor-element elementor-element-03f5c4c elementor-widget-tablet__width-initial elementor-invisible elementor-widget elementor-widget-text-editor\" data-id=\"03f5c4c\" data-element_type=\"widget\" data-settings=\"{&quot;_animation&quot;:&quot;slideInUp&quot;}\" data-widget_type=\"text-editor.default\">\n\t\t\t\t<div class=\"elementor-widget-container\">\n\t\t\t\t\t\t\t<span style=\"border-bottom: 6px solid #000;\">POL\u00cdTICA DE COOKIES<\/span>\t\t\t\t\t\t<\/div>\n\t\t\t\t<\/div>\n\t\t\t\t<div class=\"elementor-element elementor-element-3420507 elementor-widget__width-initial elementor-widget elementor-widget-text-editor\" data-id=\"3420507\" data-element_type=\"widget\" data-widget_type=\"text-editor.default\">\n\t\t\t\t<div class=\"elementor-widget-container\">\n\t\t\t\t\t\t\tEn AKROS INGENIER\u00cdA utilizamos cookies estr\u00edctamente necesarias y de anal\u00edtica web para medir y analizar la navegaci\u00f3n de los usuarios en nuestra p\u00e1gina web. Una cookie es un fichero que se descarga en su ordenador al acceder a determinadas p\u00e1ginas web. Las cookies permiten a una p\u00e1gina web, entre otras cosas, almacenar y recuperar informaci\u00f3n sobre los h\u00e1bitos de navegaci\u00f3n de un usuario o de su equipo y, dependiendo de la informaci\u00f3n que contengan y de la forma en que utilice su equipo, pueden utilizarse para reconocer al usuario. Las cookies de anal\u00edtica son aqu\u00e9llas que, bien tratadas por nosotros o por terceros, tienen la finalidad de cuantificar el n\u00famero de visitantes y analizar estad\u00edsticamente la utilizaci\u00f3n que hacen los usuarios de nuestros servicios. Gracias a ello podemos estudiar la navegaci\u00f3n por nuestra p\u00e1gina web, y mejorar as\u00ed la oferta de productos o servicios que te ofrecemos. A trav\u00e9s de la anal\u00edtica web no obtenemos informaci\u00f3n sobre tu nombre, apellidos o tu direcci\u00f3n de correo electr\u00f3nico o postal. La informaci\u00f3n que obtenemos es la relativa al n\u00famero de usuarios que acceden a la web, el n\u00famero de p\u00e1ginas vistas, la frecuencia y repetici\u00f3n de las visitas, su duraci\u00f3n, el navegador que utilizas, el operador que te presta el servicio, tu idioma, el terminal que utilizas o la ciudad a la que est\u00e1 asignada tu direcci\u00f3n IP. Puede gestionar el uso de cookies a trav\u00e9s del navegador instalado en su ordenador. En los enlaces que encontrar\u00e1 a continuaci\u00f3n puede saber m\u00e1s sobre qu\u00e9 cookies tiene instaladas, permitir su instalaci\u00f3n, bloquearlas o eliminarlas de su equipo. Dependiendo de qu\u00e9 navegador utilice, puede seguir alguno de los siguientes enlaces: \u2028Firefox, Chrome, Safari, Opera, Internet Explorer, iOS, Android.<br><br>\n\n<strong>ENLACES EXTERNOS:<\/strong><br>\nEn AKROS INGENIER\u00cdA utilizamos cookies estr\u00edctamente necesarias y de anal\u00edtica web para medir y analizar la navegaci\u00f3n de los usuarios en nuestra p\u00e1gina web. Una cookie es un fichero que se descarga en su ordenador al acceder a determinadas p\u00e1ginas web. Las cookies permiten a una p\u00e1gina web, entre otras cosas, almacenar y recuperar informaci\u00f3n sobre los h\u00e1bitos de navegaci\u00f3n de un usuario o de su equipo y, dependiendo de la informaci\u00f3n que contengan y de la forma en que utilice su equipo, pueden utilizarse para reconocer al usuario. Las cookies de anal\u00edtica son aqu\u00e9llas que, bien tratadas por nosotros o por terceros, tienen la finalidad de cuantificar el n\u00famero de visitantes y analizar estad\u00edsticamente la utilizaci\u00f3n que hacen los usuarios de nuestros servicios. Gracias a ello podemos estudiar la navegaci\u00f3n por nuestra p\u00e1gina web, y mejorar as\u00ed la oferta de productos o servicios que te ofrecemos. A trav\u00e9s de la anal\u00edtica web no obtenemos informaci\u00f3n sobre tu nombre, apellidos o tu direcci\u00f3n de correo electr\u00f3nico o postal. La informaci\u00f3n que obtenemos es la relativa al n\u00famero de usuarios que acceden a la web, el n\u00famero de p\u00e1ginas vistas, la frecuencia y repetici\u00f3n de las visitas, su duraci\u00f3n, el navegador que utilizas, el operador que te presta el servicio, tu idioma, el terminal que utilizas o la ciudad a la que est\u00e1 asignada tu direcci\u00f3n IP. Puede gestionar el uso de cookies a trav\u00e9s del navegador instalado en su ordenador. En los enlaces que encontrar\u00e1 a continuaci\u00f3n puede saber m\u00e1s sobre qu\u00e9 cookies tiene instaladas, permitir su instalaci\u00f3n, bloquearlas o eliminarlas de su equipo. Dependiendo de qu\u00e9 navegador utilice, puede seguir alguno de los siguientes enlaces:<br> \u2028Firefox, Chrome, Safari, Opera, Internet Explorer, iOS, Android.<br><br>\n\n<strong>ENLACES EXTERNOS:<\/strong><br>\nLas p\u00e1ginas de la web https:\/\/akrosingenieria.com proporcionan enlaces a nuestras redes sociales (FACEBOOK, INSTAGRAM Y X). El \u00fanico objeto de los enlaces es proporcionar al usuario la posibilidad de acceder a dichos enlaces. AKROS INGENIER\u00cdA no se responsabiliza en ning\u00fan caso de los resultados que puedan derivarse al usuario por acceso a dichos enlaces. El usuario que se proponga establecer cualquier dispositivo t\u00e9cnico de enlace desde su sitio web al portal https:\/\/akrosingenieria.com deber\u00e1 obtener la autorizaci\u00f3n previa y escrita de AKROS INGENIER\u00cdA. El establecimiento del enlace no implica en ning\u00fan caso la existencia de relaciones entre AKROS INGENIER\u00cdA. y el propietario del sitio en el que se establezca el enlace, ni la aceptaci\u00f3n o aprobaci\u00f3n por parte de AKROS INGENIER\u00cdA de sus contenidos o servicios.\n<br><br>\n\n\n<strong>EXCLUSI\u00d3N DE GARANT\u00cdAS Y RESPONSABLE:<\/strong><br>\nAKROS INGENIER\u00cdA no otorga ninguna garant\u00eda ni se hace responsable, en ning\u00fan caso, de los da\u00f1os y perjuicios de cualquier naturaleza que pudieran traer causa de: La falta de disponibilidad, mantenimiento y efectivo funcionamiento de la web o de sus servicios y contenidos; La existencia de malware, programas maliciosos o lesivos en los contenidos; El uso il\u00edcito, negligente, fraudulento o contrario a este Aviso Legal; La falta de licitud, calidad, fiabilidad, utilidad y disponibilidad de los servicios prestados por terceros y puestos a disposici\u00f3n de los usuarios en el sitio web. AKROS INGENIER\u00cdA no se hace responsable bajo ning\u00fan concepto de los da\u00f1os que pudieran dimanar del uso ilegal o indebido de la presente p\u00e1gina web.\n<br><br>\n<strong>LEY APLICABLE Y JURISDICCI\u00d3N:<\/strong><br>\nCon car\u00e1cter general las relaciones entre AKROS INGENIER\u00cdA con los usuarios de sus servicios telem\u00e1ticos, presentes en esta web se encuentran sometidas a la legislaci\u00f3n y jurisdicci\u00f3n espa\u00f1olas y a los tribunales de Alicante.\n<br><br>\n<strong>CONTACTO:<\/strong><br>\nEn caso de que cualquier usuario tuviese alguna duda acerca de estas Condiciones legales o cualquier comentario sobre el portal https:\/\/akrosingenieria.com, por favor dir\u00edjase a info@akrosingenieria.com. Las p\u00e1ginas de la web https:\/\/akrosingenieria.com proporcionan enlaces a nuestras redes sociales (FACEBOOK, INSTAGRAM Y X). El \u00fanico objeto de los enlaces es proporcionar al usuario la posibilidad de acceder a dichos enlaces. AKROS INGENIER\u00cdA no se responsabiliza en ning\u00fan caso de los resultados que puedan derivarse al usuario por acceso a dichos enlaces. El usuario que se proponga establecer cualquier dispositivo t\u00e9cnico de enlace desde su sitio web al portal https:\/\/akrosingenieria.com deber\u00e1 obtener la autorizaci\u00f3n previa y escrita de AKROS INGENIER\u00cdA. El establecimiento del enlace no implica en ning\u00fan caso la existencia de relaciones entre AKROS INGENIER\u00cdA. y el propietario del sitio en el que se establezca el enlace, ni la aceptaci\u00f3n o aprobaci\u00f3n por parte de AKROS INGENIER\u00cdA de sus contenidos o servicios.\t\t\t\t\t\t<\/div>\n\t\t\t\t<\/div>\n\t\t\t\t<\/div>\n\t\t\t\t<\/div>\n\t\t\t\t<\/div>\n\t\t","protected":false},"excerpt":{"rendered":"<p>POL\u00cdTICA DE COOKIESEn AKROS INGENIER\u00cdA utilizamos cookies estr\u00edctamente necesarias y de anal\u00edtica web para medir y analizar la navegaci\u00f3n de los usuarios en nuestra p\u00e1gina web. Una cookie es un fichero que se descarga en su ordenador al acceder a determinadas p\u00e1ginas web. Las cookies permiten a una p\u00e1gina web, entre otras cosas, almacenar y [&hellip;]<\/p>\n","protected":false},"author":2,"featured_media":0,"parent":0,"menu_order":0,"comment_status":"closed","ping_status":"closed","template":"","meta":{"footnotes":""},"class_list":["post-3795","page","type-page","status-publish","hentry"],"yoast_head":"<!-- This site is optimized with the Yoast SEO plugin v23.8 - https:\/\/yoast.com\/wordpress\/plugins\/seo\/ -->\n<title>POL\u00cdTICA DE COOKIES - Akros<\/title>\n<meta name=\"robots\" content=\"noindex, nofollow\" \/>\n<meta property=\"og:locale\" content=\"es_ES\" \/>\n<meta property=\"og:type\" content=\"article\" \/>\n<meta property=\"og:title\" content=\"POL\u00cdTICA DE COOKIES - Akros\" \/>\n<meta property=\"og:description\" content=\"POL\u00cdTICA DE COOKIESEn AKROS INGENIER\u00cdA utilizamos cookies estr\u00edctamente necesarias y de anal\u00edtica web para medir y analizar la navegaci\u00f3n de los usuarios en nuestra p\u00e1gina web. Una cookie es un fichero que se descarga en su ordenador al acceder a determinadas p\u00e1ginas web. Las cookies permiten a una p\u00e1gina web, entre otras cosas, almacenar y [&hellip;]\" \/>\n<meta property=\"og:url\" content=\"https:\/\/akrosingenieria.com\/index.php\/politica-de-cookies\/\" \/>\n<meta property=\"og:site_name\" content=\"Akros\" \/>\n<meta property=\"article:modified_time\" content=\"2024-11-14T11:19:36+00:00\" \/>\n<meta name=\"twitter:card\" content=\"summary_large_image\" \/>\n<meta name=\"twitter:label1\" content=\"Tiempo de lectura\" \/>\n\t<meta name=\"twitter:data1\" content=\"5 minutos\" \/>\n<script type=\"application\/ld+json\" class=\"yoast-schema-graph\">{\"@context\":\"https:\/\/schema.org\",\"@graph\":[{\"@type\":\"WebPage\",\"@id\":\"https:\/\/akrosingenieria.com\/index.php\/politica-de-cookies\/\",\"url\":\"https:\/\/akrosingenieria.com\/index.php\/politica-de-cookies\/\",\"name\":\"POL\u00cdTICA DE COOKIES - Akros\",\"isPartOf\":{\"@id\":\"https:\/\/akrosingenieria.com\/#website\"},\"datePublished\":\"2024-06-11T09:44:09+00:00\",\"dateModified\":\"2024-11-14T11:19:36+00:00\",\"breadcrumb\":{\"@id\":\"https:\/\/akrosingenieria.com\/index.php\/politica-de-cookies\/#breadcrumb\"},\"inLanguage\":\"es\",\"potentialAction\":[{\"@type\":\"ReadAction\",\"target\":[\"https:\/\/akrosingenieria.com\/index.php\/politica-de-cookies\/\"]}]},{\"@type\":\"BreadcrumbList\",\"@id\":\"https:\/\/akrosingenieria.com\/index.php\/politica-de-cookies\/#breadcrumb\",\"itemListElement\":[{\"@type\":\"ListItem\",\"position\":1,\"name\":\"Portada\",\"item\":\"https:\/\/akrosingenieria.com\/\"},{\"@type\":\"ListItem\",\"position\":2,\"name\":\"POL\u00cdTICA DE COOKIES\"}]},{\"@type\":\"WebSite\",\"@id\":\"https:\/\/akrosingenieria.com\/#website\",\"url\":\"https:\/\/akrosingenieria.com\/\",\"name\":\"Akros\",\"description\":\"Ingenier\u00eda y arquitectura\",\"publisher\":{\"@id\":\"https:\/\/akrosingenieria.com\/#organization\"},\"potentialAction\":[{\"@type\":\"SearchAction\",\"target\":{\"@type\":\"EntryPoint\",\"urlTemplate\":\"https:\/\/akrosingenieria.com\/?s={search_term_string}\"},\"query-input\":{\"@type\":\"PropertyValueSpecification\",\"valueRequired\":true,\"valueName\":\"search_term_string\"}}],\"inLanguage\":\"es\"},{\"@type\":\"Organization\",\"@id\":\"https:\/\/akrosingenieria.com\/#organization\",\"name\":\"Akros\",\"url\":\"https:\/\/akrosingenieria.com\/\",\"logo\":{\"@type\":\"ImageObject\",\"inLanguage\":\"es\",\"@id\":\"https:\/\/akrosingenieria.com\/#\/schema\/logo\/image\/\",\"url\":\"https:\/\/akrosingenieria.com\/wp-content\/uploads\/2024\/04\/logo-head.svg\",\"contentUrl\":\"https:\/\/akrosingenieria.com\/wp-content\/uploads\/2024\/04\/logo-head.svg\",\"width\":100,\"height\":100,\"caption\":\"Akros\"},\"image\":{\"@id\":\"https:\/\/akrosingenieria.com\/#\/schema\/logo\/image\/\"}}]}<\/script>\n<!-- \/ Yoast SEO plugin. -->","yoast_head_json":{"title":"POL\u00cdTICA DE COOKIES - Akros","robots":{"index":"noindex","follow":"nofollow"},"og_locale":"es_ES","og_type":"article","og_title":"POL\u00cdTICA DE COOKIES - Akros","og_description":"POL\u00cdTICA DE COOKIESEn AKROS INGENIER\u00cdA utilizamos cookies estr\u00edctamente necesarias y de anal\u00edtica web para medir y analizar la navegaci\u00f3n de los usuarios en nuestra p\u00e1gina web. Una cookie es un fichero que se descarga en su ordenador al acceder a determinadas p\u00e1ginas web. Las cookies permiten a una p\u00e1gina web, entre otras cosas, almacenar y [&hellip;]","og_url":"https:\/\/akrosingenieria.com\/index.php\/politica-de-cookies\/","og_site_name":"Akros","article_modified_time":"2024-11-14T11:19:36+00:00","twitter_card":"summary_large_image","twitter_misc":{"Tiempo de lectura":"5 minutos"},"schema":{"@context":"https:\/\/schema.org","@graph":[{"@type":"WebPage","@id":"https:\/\/akrosingenieria.com\/index.php\/politica-de-cookies\/","url":"https:\/\/akrosingenieria.com\/index.php\/politica-de-cookies\/","name":"POL\u00cdTICA DE COOKIES - Akros","isPartOf":{"@id":"https:\/\/akrosingenieria.com\/#website"},"datePublished":"2024-06-11T09:44:09+00:00","dateModified":"2024-11-14T11:19:36+00:00","breadcrumb":{"@id":"https:\/\/akrosingenieria.com\/index.php\/politica-de-cookies\/#breadcrumb"},"inLanguage":"es","potentialAction":[{"@type":"ReadAction","target":["https:\/\/akrosingenieria.com\/index.php\/politica-de-cookies\/"]}]},{"@type":"BreadcrumbList","@id":"https:\/\/akrosingenieria.com\/index.php\/politica-de-cookies\/#breadcrumb","itemListElement":[{"@type":"ListItem","position":1,"name":"Portada","item":"https:\/\/akrosingenieria.com\/"},{"@type":"ListItem","position":2,"name":"POL\u00cdTICA DE COOKIES"}]},{"@type":"WebSite","@id":"https:\/\/akrosingenieria.com\/#website","url":"https:\/\/akrosingenieria.com\/","name":"Akros","description":"Ingenier\u00eda y arquitectura","publisher":{"@id":"https:\/\/akrosingenieria.com\/#organization"},"potentialAction":[{"@type":"SearchAction","target":{"@type":"EntryPoint","urlTemplate":"https:\/\/akrosingenieria.com\/?s={search_term_string}"},"query-input":{"@type":"PropertyValueSpecification","valueRequired":true,"valueName":"search_term_string"}}],"inLanguage":"es"},{"@type":"Organization","@id":"https:\/\/akrosingenieria.com\/#organization","name":"Akros","url":"https:\/\/akrosingenieria.com\/","logo":{"@type":"ImageObject","inLanguage":"es","@id":"https:\/\/akrosingenieria.com\/#\/schema\/logo\/image\/","url":"https:\/\/akrosingenieria.com\/wp-content\/uploads\/2024\/04\/logo-head.svg","contentUrl":"https:\/\/akrosingenieria.com\/wp-content\/uploads\/2024\/04\/logo-head.svg","width":100,"height":100,"caption":"Akros"},"image":{"@id":"https:\/\/akrosingenieria.com\/#\/schema\/logo\/image\/"}}]}},"_links":{"self":[{"href":"https:\/\/akrosingenieria.com\/index.php\/wp-json\/wp\/v2\/pages\/3795","targetHints":{"allow":["GET"]}}],"collection":[{"href":"https:\/\/akrosingenieria.com\/index.php\/wp-json\/wp\/v2\/pages"}],"about":[{"href":"https:\/\/akrosingenieria.com\/index.php\/wp-json\/wp\/v2\/types\/page"}],"author":[{"embeddable":true,"href":"https:\/\/akrosingenieria.com\/index.php\/wp-json\/wp\/v2\/users\/2"}],"replies":[{"embeddable":true,"href":"https:\/\/akrosingenieria.com\/index.php\/wp-json\/wp\/v2\/comments?post=3795"}],"version-history":[{"count":7,"href":"https:\/\/akrosingenieria.com\/index.php\/wp-json\/wp\/v2\/pages\/3795\/revisions"}],"predecessor-version":[{"id":3849,"href":"https:\/\/akrosingenieria.com\/index.php\/wp-json\/wp\/v2\/pages\/3795\/revisions\/3849"}],"wp:attachment":[{"href":"https:\/\/akrosingenieria.com\/index.php\/wp-json\/wp\/v2\/media?parent=3795"}],"curies":[{"name":"wp","href":"https:\/\/api.w.org\/{rel}","templated":true}]}}