{"id":3778,"date":"2024-06-11T11:25:35","date_gmt":"2024-06-11T09:25:35","guid":{"rendered":"https:\/\/gptq2.probar.com.es\/?page_id=3778"},"modified":"2024-11-14T12:19:45","modified_gmt":"2024-11-14T11:19:45","slug":"politica-de-privacidad","status":"publish","type":"page","link":"https:\/\/akrosingenieria.com\/index.php\/politica-de-privacidad\/","title":{"rendered":"POL\u00cdTICA DE PRIVACIDAD"},"content":{"rendered":"\t\t<div data-elementor-type=\"wp-page\" data-elementor-id=\"3778\" class=\"elementor elementor-3778\" data-elementor-post-type=\"page\">\n\t\t\t\t<div class=\"elementor-element elementor-element-4573efc e-con-full e-flex e-con e-parent\" data-id=\"4573efc\" data-element_type=\"container\" data-settings=\"{&quot;background_background&quot;:&quot;classic&quot;}\">\n\t\t<div class=\"elementor-element elementor-element-5440c57 e-con-full e-flex e-con e-child\" data-id=\"5440c57\" data-element_type=\"container\">\n\t\t\t\t<div class=\"elementor-element elementor-element-03f5c4c elementor-widget-tablet__width-initial elementor-invisible elementor-widget elementor-widget-text-editor\" data-id=\"03f5c4c\" data-element_type=\"widget\" data-settings=\"{&quot;_animation&quot;:&quot;slideInUp&quot;}\" data-widget_type=\"text-editor.default\">\n\t\t\t\t<div class=\"elementor-widget-container\">\n\t\t\t\t\t\t\t<span style=\"border-bottom: 6px solid #000;\">POL\u00cdTICA DE PRIVACIDAD<\/span>\t\t\t\t\t\t<\/div>\n\t\t\t\t<\/div>\n\t\t\t\t<div class=\"elementor-element elementor-element-3420507 elementor-widget__width-initial elementor-widget elementor-widget-text-editor\" data-id=\"3420507\" data-element_type=\"widget\" data-widget_type=\"text-editor.default\">\n\t\t\t\t<div class=\"elementor-widget-container\">\n\t\t\t\t\t\t\tLa presente Pol\u00edtica de Privacidad establece los t\u00e9rminos en que AKROS INGENIER\u00cdA usa y protege la informaci\u00f3n que es proporcionada por sus usuarios al momento de utilizar su sitio web y \/o contrato de servicios. Esta compa\u00f1\u00eda est\u00e1 comprometida con la seguridad de los datos de sus usuarios. Cuando le pedimos llenar los campos de informaci\u00f3n personal con la cual usted pueda ser identificado, lo hacemos asegurando que s\u00f3lo se emplear\u00e1 de acuerdo con los t\u00e9rminos de este documento. Sin embargo, esta Pol\u00edtica de privacidad puede cambiar con el tiempo o ser actualizada por lo que le recomendamos y enfatizamos revisar peri\u00f3dicamente esta p\u00e1gina para asegurarse que est\u00e1 de acuerdo con cualquier posible cambio futuro. Al utilizar el presente Sitio Web, las Aplicaciones, y\/o al comunicarse electr\u00f3nicamente con AKROS INGENIER\u00cdA, se podr\u00e1n recoger y tratar datos personales de cada Usuario, el tratamiento de los cuales se rige por la presente pol\u00edtica de privacidad. Esta web, por tanto, cumple rigurosamente con La Ley Org\u00e1nica 15\/1999, de 13 de diciembre, de Protecci\u00f3n de Datos de Car\u00e1cter Personal (LOPD), y con el Real Decreto 1720\/2007, de 21 de diciembre, conocido como el Reglamento de desarrollo de la LOPD. Cumple tambi\u00e9n con el Reglamento (UE) 2016\/679 del Parlamento Europeo y del Consejo de 27 de abril de 2016 relativo a la protecci\u00f3n de las personas f\u00edsicas (RGPD), La Ley Org\u00e1nica 3\/2018 de 5 de diciembre de Protecci\u00f3n de Datos Personales y garant\u00eda de los derechos digitales, as\u00ed como con la Ley 34\/2002, de 11 de julio, de Servicios de la Sociedad de la Informaci\u00f3n y Comercio Electr\u00f3nico (LSSICE \u00f3 LSSI). <br><br><strong>Responsable del tratamiento:<\/strong><br> El responsable de tratar los datos personales que el usuario facilite a trav\u00e9s de esta web y\/aplicaciones es AKROS INGENIER\u00cdA.<br><br> <strong>Datos recogidos:<\/strong><br> Los datos que tratamos son:<br> &#8211; E-mail<br> &#8211; Tel\u00e9fono<br> &#8211; Documentaci\u00f3n que aporta el usuario de manera voluntaria para el estudio de su asunto<br> &#8211; Direcci\u00f3n IP, Cookies y similares.<br><br> La direcci\u00f3n IP es un c\u00f3digo que identifica la conexi\u00f3n a internet del Usuario en un momento concreto, y las Cookies son ficheros que se descargan al navegador del Usuario y que pueden ser le\u00eddos posteriormente por el sitio web. Suscripci\u00f3n a nuestras newsletters y\/o publicaciones. Los datos recogidos ser\u00e1n los datos identificativos necesarios para poder hacerle llegar el contenido al que se ha suscrito.<br><br> <strong>Finalidad del tratamiento:<\/strong><br>\nLos datos personales que los usuarios han facilitado de manera voluntaria y aceptando las presentes condiciones, se recogen y tratan con la finalidad de gestionar la relaci\u00f3n con AKROS INGENIER\u00cdA, estudio de su asunto, inscripci\u00f3n en eventos, inscripci\u00f3n en newsletters, para gestionar el uso de la web y, cuando as\u00ed lo permita la normativa aplicable, para el env\u00edo recurrente de informaci\u00f3n . <br><br>Sus datos personales se recoger\u00e1n y tratar\u00e1n para responder a las consultas o cuestiones que pueda remitir a trav\u00e9s del Sitio Web o Aplicaciones. Legitimaci\u00f3n y conservaci\u00f3n La legitimaci\u00f3n para el tratamiento de la direcci\u00f3n IP es la necesidad para posibilitar la conexi\u00f3n con el sitio web a trav\u00e9s de Internet, siendo el inter\u00e9s leg\u00edtimo de AKROS INGENIER\u00cdA para el caso de mantener la relaci\u00f3n existente con el Usuario as\u00ed como el env\u00edo de informaci\u00f3n jur\u00eddica y de actividades de la Firma. En el caso de suscripci\u00f3n a nuestras publicaciones y\/o eventos, as\u00ed como la solicitud por los Usuarios de informaci\u00f3n o determinados servicios, la legitimaci\u00f3n ser\u00e1 el propio consentimiento del Usuario. Por tanto, AKROS INGENIER\u00cdA recoger\u00e1 y tratar\u00e1 sus datos mientras la relaci\u00f3n siga vigente y, o el Usuario no revoque el consentimiento que ha prestado al tratamiento de sus datos. En todo caso, cuando los datos personales dejen de ser necesarios para el fin para el que fueron recabados, y mientras existan responsabilidades legales o contractuales que requieran conservarlos, se conservar\u00e1n de forma bloqueada hasta que se proceda a la cancelaci\u00f3n definitiva de los mismos. En el caso de que se traten datos para el env\u00edo de comunicaciones, se podr\u00e1n mantener mientras el Usuario no se oponga a recibir dichas comunicaciones por cualquiera de los medios que se ponen a su disposici\u00f3n.<br><br> <strong>Comunicaci\u00f3n:<\/strong> <br>AKROS INGENIER\u00cdA no comunicar\u00e1 dichos datos a terceros, salvo cuando sea estrictamente necesario para gestionar y mantener la relaci\u00f3n o previa autorizaci\u00f3n por su parte, as\u00ed como sea requerido por la justicia. <br><br><strong>Medidas de seguridad:<\/strong><br> Los datos personales comunicados por el usuario a https:\/\/akrosingenieria.com.com pueden ser almacenados en bases de datos automatizadas o no, cuya titularidad corresponde en exclusiva a AKROS INGENIER\u00cdA, asumiendo \u00e9sta todas las medidas de \u00edndole t\u00e9cnica, organizativa y de seguridad que garantizan la confidencialidad, integridad y calidad de la informaci\u00f3n contenida en las mismas de acuerdo con lo establecido en la normativa vigente en protecci\u00f3n de datos. La comunicaci\u00f3n entre los usuarios y https:\/\/akrosingenieria.com utiliza un canal seguro y los datos transmitidos son cifrados gracias a protocolos como https, por tanto, se garantiza las mejores condiciones de seguridad para que la confidencialidad de los usuarios est\u00e9 salvaguardada.<br><br><strong>Derechos:<\/strong><br>Le informamos que puede ejercer sus derechos de acceso, rectificaci\u00f3n, supresi\u00f3n, oposici\u00f3n y portabilidad con arreglo a lo previsto en Reglamento General de Protecci\u00f3n de Datos UE 2016\/679 y Ley Org\u00e1nica 3\/2018 de 5 de Diciembre de Protecci\u00f3n de Datos Personales y garant\u00eda de los derechos digitales enviando un mail a info@akrosingenieria.com. \u2028\u2028Informaci\u00f3n que es recogida\u2028Nuestro sitio web y\/o contrato de servicios podr\u00e1 recoger informaci\u00f3n personal, por ejemplo: Nombre, informaci\u00f3n de contacto como su direcci\u00f3n de correo electr\u00f3nico, informaci\u00f3n demogr\u00e1fica, etc. As\u00ed mismo, cuando sea necesario, podr\u00e1 ser requerida informaci\u00f3n espec\u00edfica para procesar alg\u00fan pedido o realizar una entrega o facturaci\u00f3n.<br><br><strong>Uso de la informaci\u00f3n recogida\u2028:<\/strong><br>El responsable del tratamiento de los datos personales facilitados en el formulario de contacto es AKROS INGENIER\u00cdA quien va a tratarlos con la finalidad de atender las consultas que nos plantee a trav\u00e9s del mismo. En funci\u00f3n de la consulta planteada es posible que tengamos que ceder sus datos personales a los diferentes colaboradores internos de la marca, pudiendo acceder a sus datos para prestarle los servicios requeridos. Tiene los derechos de acceso, rectificaci\u00f3n, supresi\u00f3n, oposici\u00f3n y portabilidad, pudiendo remitirnos un correo electr\u00f3nico a tal efecto, o bien poni\u00e9ndose en contacto con nosotros por correo ordinario. <br><br>Al hacer click en el bot\u00f3n \u201cEnviar\u201d declara conocer y entender la pol\u00edtica de privacidad de AKROS INGENIER\u00cdA.<br><br> <strong>Enlaces a terceros:<\/strong><br> Las presentes Condiciones de Uso se refieren \u00fanicamente al Sitio Web y las Aplicaciones y contenidos de AKROS INGENIER\u00cdA, y no se aplica a enlaces, p\u00e1ginas web y\/o aplicaciones de terceros accesibles a trav\u00e9s del mismo o, en general, cualquier otro servicio proporcionado por terceros. Comunicaci\u00f3n: Para el caso de que los usuarios quieran comunicarse con AKROS INGENIER\u00cdA, deber\u00e1n dirigirse a info@akrosingenieria.com.com.\t\t\t\t\t\t<\/div>\n\t\t\t\t<\/div>\n\t\t\t\t<\/div>\n\t\t\t\t<\/div>\n\t\t\t\t<\/div>\n\t\t","protected":false},"excerpt":{"rendered":"<p>POL\u00cdTICA DE PRIVACIDADLa presente Pol\u00edtica de Privacidad establece los t\u00e9rminos en que AKROS INGENIER\u00cdA usa y protege la informaci\u00f3n que es proporcionada por sus usuarios al momento de utilizar su sitio web y \/o contrato de servicios. Esta compa\u00f1\u00eda est\u00e1 comprometida con la seguridad de los datos de sus usuarios. Cuando le pedimos llenar los [&hellip;]<\/p>\n","protected":false},"author":2,"featured_media":0,"parent":0,"menu_order":0,"comment_status":"closed","ping_status":"closed","template":"","meta":{"footnotes":""},"class_list":["post-3778","page","type-page","status-publish","hentry"],"yoast_head":"<!-- This site is optimized with the Yoast SEO plugin v23.8 - https:\/\/yoast.com\/wordpress\/plugins\/seo\/ -->\n<title>POL\u00cdTICA DE PRIVACIDAD - Akros<\/title>\n<meta name=\"robots\" content=\"noindex, nofollow\" \/>\n<meta property=\"og:locale\" content=\"es_ES\" \/>\n<meta property=\"og:type\" content=\"article\" \/>\n<meta property=\"og:title\" content=\"POL\u00cdTICA DE PRIVACIDAD - Akros\" \/>\n<meta property=\"og:description\" content=\"POL\u00cdTICA DE PRIVACIDADLa presente Pol\u00edtica de Privacidad establece los t\u00e9rminos en que AKROS INGENIER\u00cdA usa y protege la informaci\u00f3n que es proporcionada por sus usuarios al momento de utilizar su sitio web y \/o contrato de servicios. Esta compa\u00f1\u00eda est\u00e1 comprometida con la seguridad de los datos de sus usuarios. Cuando le pedimos llenar los [&hellip;]\" \/>\n<meta property=\"og:url\" content=\"https:\/\/akrosingenieria.com\/index.php\/politica-de-privacidad\/\" \/>\n<meta property=\"og:site_name\" content=\"Akros\" \/>\n<meta property=\"article:modified_time\" content=\"2024-11-14T11:19:45+00:00\" \/>\n<meta name=\"twitter:card\" content=\"summary_large_image\" \/>\n<meta name=\"twitter:label1\" content=\"Tiempo de lectura\" \/>\n\t<meta name=\"twitter:data1\" content=\"6 minutos\" \/>\n<script type=\"application\/ld+json\" class=\"yoast-schema-graph\">{\"@context\":\"https:\/\/schema.org\",\"@graph\":[{\"@type\":\"WebPage\",\"@id\":\"https:\/\/akrosingenieria.com\/index.php\/politica-de-privacidad\/\",\"url\":\"https:\/\/akrosingenieria.com\/index.php\/politica-de-privacidad\/\",\"name\":\"POL\u00cdTICA DE PRIVACIDAD - Akros\",\"isPartOf\":{\"@id\":\"https:\/\/akrosingenieria.com\/#website\"},\"datePublished\":\"2024-06-11T09:25:35+00:00\",\"dateModified\":\"2024-11-14T11:19:45+00:00\",\"breadcrumb\":{\"@id\":\"https:\/\/akrosingenieria.com\/index.php\/politica-de-privacidad\/#breadcrumb\"},\"inLanguage\":\"es\",\"potentialAction\":[{\"@type\":\"ReadAction\",\"target\":[\"https:\/\/akrosingenieria.com\/index.php\/politica-de-privacidad\/\"]}]},{\"@type\":\"BreadcrumbList\",\"@id\":\"https:\/\/akrosingenieria.com\/index.php\/politica-de-privacidad\/#breadcrumb\",\"itemListElement\":[{\"@type\":\"ListItem\",\"position\":1,\"name\":\"Portada\",\"item\":\"https:\/\/akrosingenieria.com\/\"},{\"@type\":\"ListItem\",\"position\":2,\"name\":\"POL\u00cdTICA DE PRIVACIDAD\"}]},{\"@type\":\"WebSite\",\"@id\":\"https:\/\/akrosingenieria.com\/#website\",\"url\":\"https:\/\/akrosingenieria.com\/\",\"name\":\"Akros\",\"description\":\"Ingenier\u00eda y arquitectura\",\"publisher\":{\"@id\":\"https:\/\/akrosingenieria.com\/#organization\"},\"potentialAction\":[{\"@type\":\"SearchAction\",\"target\":{\"@type\":\"EntryPoint\",\"urlTemplate\":\"https:\/\/akrosingenieria.com\/?s={search_term_string}\"},\"query-input\":{\"@type\":\"PropertyValueSpecification\",\"valueRequired\":true,\"valueName\":\"search_term_string\"}}],\"inLanguage\":\"es\"},{\"@type\":\"Organization\",\"@id\":\"https:\/\/akrosingenieria.com\/#organization\",\"name\":\"Akros\",\"url\":\"https:\/\/akrosingenieria.com\/\",\"logo\":{\"@type\":\"ImageObject\",\"inLanguage\":\"es\",\"@id\":\"https:\/\/akrosingenieria.com\/#\/schema\/logo\/image\/\",\"url\":\"https:\/\/akrosingenieria.com\/wp-content\/uploads\/2024\/04\/logo-head.svg\",\"contentUrl\":\"https:\/\/akrosingenieria.com\/wp-content\/uploads\/2024\/04\/logo-head.svg\",\"width\":100,\"height\":100,\"caption\":\"Akros\"},\"image\":{\"@id\":\"https:\/\/akrosingenieria.com\/#\/schema\/logo\/image\/\"}}]}<\/script>\n<!-- \/ Yoast SEO plugin. -->","yoast_head_json":{"title":"POL\u00cdTICA DE PRIVACIDAD - Akros","robots":{"index":"noindex","follow":"nofollow"},"og_locale":"es_ES","og_type":"article","og_title":"POL\u00cdTICA DE PRIVACIDAD - Akros","og_description":"POL\u00cdTICA DE PRIVACIDADLa presente Pol\u00edtica de Privacidad establece los t\u00e9rminos en que AKROS INGENIER\u00cdA usa y protege la informaci\u00f3n que es proporcionada por sus usuarios al momento de utilizar su sitio web y \/o contrato de servicios. Esta compa\u00f1\u00eda est\u00e1 comprometida con la seguridad de los datos de sus usuarios. Cuando le pedimos llenar los [&hellip;]","og_url":"https:\/\/akrosingenieria.com\/index.php\/politica-de-privacidad\/","og_site_name":"Akros","article_modified_time":"2024-11-14T11:19:45+00:00","twitter_card":"summary_large_image","twitter_misc":{"Tiempo de lectura":"6 minutos"},"schema":{"@context":"https:\/\/schema.org","@graph":[{"@type":"WebPage","@id":"https:\/\/akrosingenieria.com\/index.php\/politica-de-privacidad\/","url":"https:\/\/akrosingenieria.com\/index.php\/politica-de-privacidad\/","name":"POL\u00cdTICA DE PRIVACIDAD - Akros","isPartOf":{"@id":"https:\/\/akrosingenieria.com\/#website"},"datePublished":"2024-06-11T09:25:35+00:00","dateModified":"2024-11-14T11:19:45+00:00","breadcrumb":{"@id":"https:\/\/akrosingenieria.com\/index.php\/politica-de-privacidad\/#breadcrumb"},"inLanguage":"es","potentialAction":[{"@type":"ReadAction","target":["https:\/\/akrosingenieria.com\/index.php\/politica-de-privacidad\/"]}]},{"@type":"BreadcrumbList","@id":"https:\/\/akrosingenieria.com\/index.php\/politica-de-privacidad\/#breadcrumb","itemListElement":[{"@type":"ListItem","position":1,"name":"Portada","item":"https:\/\/akrosingenieria.com\/"},{"@type":"ListItem","position":2,"name":"POL\u00cdTICA DE PRIVACIDAD"}]},{"@type":"WebSite","@id":"https:\/\/akrosingenieria.com\/#website","url":"https:\/\/akrosingenieria.com\/","name":"Akros","description":"Ingenier\u00eda y arquitectura","publisher":{"@id":"https:\/\/akrosingenieria.com\/#organization"},"potentialAction":[{"@type":"SearchAction","target":{"@type":"EntryPoint","urlTemplate":"https:\/\/akrosingenieria.com\/?s={search_term_string}"},"query-input":{"@type":"PropertyValueSpecification","valueRequired":true,"valueName":"search_term_string"}}],"inLanguage":"es"},{"@type":"Organization","@id":"https:\/\/akrosingenieria.com\/#organization","name":"Akros","url":"https:\/\/akrosingenieria.com\/","logo":{"@type":"ImageObject","inLanguage":"es","@id":"https:\/\/akrosingenieria.com\/#\/schema\/logo\/image\/","url":"https:\/\/akrosingenieria.com\/wp-content\/uploads\/2024\/04\/logo-head.svg","contentUrl":"https:\/\/akrosingenieria.com\/wp-content\/uploads\/2024\/04\/logo-head.svg","width":100,"height":100,"caption":"Akros"},"image":{"@id":"https:\/\/akrosingenieria.com\/#\/schema\/logo\/image\/"}}]}},"_links":{"self":[{"href":"https:\/\/akrosingenieria.com\/index.php\/wp-json\/wp\/v2\/pages\/3778","targetHints":{"allow":["GET"]}}],"collection":[{"href":"https:\/\/akrosingenieria.com\/index.php\/wp-json\/wp\/v2\/pages"}],"about":[{"href":"https:\/\/akrosingenieria.com\/index.php\/wp-json\/wp\/v2\/types\/page"}],"author":[{"embeddable":true,"href":"https:\/\/akrosingenieria.com\/index.php\/wp-json\/wp\/v2\/users\/2"}],"replies":[{"embeddable":true,"href":"https:\/\/akrosingenieria.com\/index.php\/wp-json\/wp\/v2\/comments?post=3778"}],"version-history":[{"count":19,"href":"https:\/\/akrosingenieria.com\/index.php\/wp-json\/wp\/v2\/pages\/3778\/revisions"}],"predecessor-version":[{"id":3843,"href":"https:\/\/akrosingenieria.com\/index.php\/wp-json\/wp\/v2\/pages\/3778\/revisions\/3843"}],"wp:attachment":[{"href":"https:\/\/akrosingenieria.com\/index.php\/wp-json\/wp\/v2\/media?parent=3778"}],"curies":[{"name":"wp","href":"https:\/\/api.w.org\/{rel}","templated":true}]}}