{"id":3711,"date":"2024-06-11T10:19:30","date_gmt":"2024-06-11T08:19:30","guid":{"rendered":"https:\/\/gptq2.probar.com.es\/?page_id=3711"},"modified":"2024-11-14T12:17:22","modified_gmt":"2024-11-14T11:17:22","slug":"condiciones-de-uso","status":"publish","type":"page","link":"https:\/\/akrosingenieria.com\/index.php\/condiciones-de-uso\/","title":{"rendered":"CONDICIONES DE USO"},"content":{"rendered":"\t\t<div data-elementor-type=\"wp-page\" data-elementor-id=\"3711\" class=\"elementor elementor-3711\" data-elementor-post-type=\"page\">\n\t\t\t\t<div class=\"elementor-element elementor-element-4573efc e-con-full e-flex e-con e-parent\" data-id=\"4573efc\" data-element_type=\"container\" data-settings=\"{&quot;background_background&quot;:&quot;classic&quot;}\">\n\t\t<div class=\"elementor-element elementor-element-5440c57 e-con-full e-flex e-con e-child\" data-id=\"5440c57\" data-element_type=\"container\">\n\t\t\t\t<div class=\"elementor-element elementor-element-03f5c4c elementor-widget-tablet__width-initial elementor-invisible elementor-widget elementor-widget-text-editor\" data-id=\"03f5c4c\" data-element_type=\"widget\" data-settings=\"{&quot;_animation&quot;:&quot;slideInUp&quot;}\" data-widget_type=\"text-editor.default\">\n\t\t\t\t<div class=\"elementor-widget-container\">\n\t\t\t\t\t\t\t<span style=\"border-bottom: 6px solid #000\">CONDICIONES DE USO<\/span>\t\t\t\t\t\t<\/div>\n\t\t\t\t<\/div>\n\t\t\t\t<div class=\"elementor-element elementor-element-3420507 elementor-widget__width-initial elementor-widget elementor-widget-text-editor\" data-id=\"3420507\" data-element_type=\"widget\" data-widget_type=\"text-editor.default\">\n\t\t\t\t<div class=\"elementor-widget-container\">\n\t\t\t\t\t\t\t<p>Akros Ingenier\u00eda es titular de los derechos de propiedad intelectual o de cualquiera otro tipo sobre la web.<br \/><br \/><br \/>El acceso y uso por los usuarios est\u00e1 sujeto a las presentes condiciones legales de uso, las cuales ser\u00e1n complementadas con cualquier otro texto legal que regule cualquier tipo de funcionalidad, servicio, proceso, plataforma o, cualquier otro medio que sea necesario para la utilizaci\u00f3n de la web.<br \/><br \/><br \/>Mediante la web https:\/\/akrosingenieria.com.com se facilita el acceso al portal web propiedad de AKROS INGENIER\u00cdA para ofrecer a los usuarios el acceso general a la informaci\u00f3n, actividades, productos y servicios que la citada entidad ofrece. Todo el material que contiene la web, ha sido preparado por AKROS INGENIER\u00cdA. El hecho de conectarse a esta p\u00e1gina web atribuye al navegante la condici\u00f3n de Usuario del Sitio, lo cual implica la aceptaci\u00f3n del presente Aviso Legal y Condiciones de Uso. Para el caso de no estar de acuerdo con todo o parte de estas Condiciones de Uso, el Usuario debe abstenerse de utilizar esta Web. Por ello, se recomienda al usuario leerlo cada vez que acceda al Sitio web. El usuario se compromete a no utilizar cualquiera de los contenidos que AKROS INGENIER\u00cdA ponga a su disposici\u00f3n para desarrollar actividades contrarias a las leyes, a la moral o al orden p\u00fablico y, en general, a hacer un uso conforme a las presentes condiciones; y responder\u00e1, frente a AKROS INGENIER\u00cdA y\/o frente a terceros, de cualesquiera da\u00f1os y perjuicios que pudieran causarse como consecuencia del incumplimiento de dicha obligaci\u00f3n. Quien utiliza este sitio web, lo hace bajo su propia responsabilidad.<br \/><br \/><br \/>AKROS INGENIER\u00cdA se reserva el derecho a interrumpir el acceso a su Sitio web, a servicios y contenidos, de manera temporal o definitiva, cuando as\u00ed lo estime conveniente y sin previo aviso, ya sea por motivos t\u00e9cnicos, de seguridad, de control, de mantenimiento, por fallos de suministro el\u00e9ctrico o por cualquier otra causa. AKROS INGENIER\u00cdA se reserva el derecho a alterar, en cualquier momento y sin previo aviso, la configuraci\u00f3n, presentaci\u00f3n o el dise\u00f1o, de su web, as\u00ed como algunos o todos los contenidos, y modificar las condiciones de uso expuestas en este Aviso Legal.<br \/><br \/><br \/>Asimismo, AKROS INGENIER\u00cdA, se reserva el derecho a cambiar el contenido de la web en cualquier momento. El material contenido en el Sitio Web y\/o en las Aplicaciones no puede servir, en ning\u00fan caso, de sustitutivo del asesoramiento legal o de otra naturaleza. El acceso a este material no pretende constituir ni implica relaci\u00f3n alguna entre abogado y cliente, ni cualquier otro tipo de relaci\u00f3n de confianza o profesional entre AKROS INGENIER\u00cdA y el Usuario del Sitio Web y\/o de las Aplicaciones. Por ello, el Usuario no debe actuar sobre la base de la informaci\u00f3n contenida en las mismas, sin recurrir previamente al correspondiente asesoramiento profesional. Asimismo, el Usuario no debe enviar a Cuatrecasas ning\u00fan tipo de informaci\u00f3n confidencial sin haberlo consultado previamente con alguno de nuestros abogados y haber recibido autorizaci\u00f3n para remitir dicha informaci\u00f3n.<br \/><br \/><br \/><strong>NORMAS:<\/strong><br \/>Con car\u00e1cter general, el Usuario se obliga al cumplimiento de las presentes Condiciones de Uso, as\u00ed como a cumplir las especiales advertencias o instrucciones de uso contenidas en las mismas y obrar siempre conforme a la Ley en vigor, la moral, las buenas costumbres y a las exigencias de la buena fe y el orden p\u00fablico establecido, empleando la diligencia debida, y absteni\u00e9ndose de utilizar el Sitio Web y\/o las Aplicaciones de cualquier forma que pueda impedir, da\u00f1ar o deteriorar el normal funcionamiento del mismo, los bienes o derechos de AKROS INGENIER\u00cdA, el resto de Usuarios o, en general, de cualquier tercero.<br \/><br \/><br \/>En aquellas p\u00e1ginas bajo el dominio https:\/\/akrosingenieria.com en las que se facilite la participaci\u00f3n del usuario a trav\u00e9s de comentarios, correo electr\u00f3nico, formulario de contacto o cualquier otra forma de comunicaci\u00f3n que facilite la participaci\u00f3n activa en la web, el usuario se obliga, adem\u00e1s de a actuar bajo las leyes vigentes, a seguir las siguientes normas de uso, quedando prohibido: La participaci\u00f3n en la web de cualquier forma que contravenga, menosprecie o atente contra los derechos fundamentales y libertades p\u00fablicas reconocidas constitucionalmente, en los tratados internacionales y en el resto del ordenamiento jur\u00eddico. La participaci\u00f3n en la web de cualquier forma que induzca, incite o promueva actuaciones delictivas, denigratorias, difamatorias, infamantes, violentas o, en general, contrarias a la ley, a la moral y buenas costumbres generalmente aceptadas o al orden p\u00fablico. La participaci\u00f3n en la web de cualquier forma que induzca, incite o promueva actuaciones, actitudes o ideas discriminatorias por raz\u00f3n de sexo, raza, religi\u00f3n, creencias, edad o condici\u00f3n. La participaci\u00f3n en la web de cualquier forma que incorpore, ponga a disposici\u00f3n o permita acceder a productos, elementos, mensajes y\/o servicios delictivos, violentos, pornogr\u00e1ficos, degradantes o, en general, contrarios a la ley, a la moral y buenas costumbres generalmente aceptadas o al orden p\u00fablico. La participaci\u00f3n en la web utilizando cualquier elemento que se encuentre protegido por cualesquiera derechos de propiedad intelectual o industrial pertenecientes a terceros, sin que el Usuario haya obtenido previamente de sus titulares la autorizaci\u00f3n necesaria para llevar a cabo el uso que efect\u00faa o pretende efectuar o que se efect\u00fae.<br \/><br \/><br \/>La participaci\u00f3n en la web de cualquier forma contraria al derecho al honor, a la intimidad personal y familiar o a la propia imagen de las personas; La participaci\u00f3n en la web utilizando cualquier elemento que incorpore virus u otros elementos f\u00edsicos o electr\u00f3nicos que puedan da\u00f1ar o impedir el normal funcionamiento del sistema o de equipos inform\u00e1ticos (hardware y software) de terceros o que puedan da\u00f1ar los documentos electr\u00f3nicos y archivos almacenados en dichos equipos inform\u00e1ticos. AKROS INGENIER\u00cdA se reserva el derecho a revisar, en cualquier momento y sin previo aviso, por iniciativa propia o a petici\u00f3n de tercero, contenidos transmitidos, difundidos o puestos a disposici\u00f3n de terceros por los usuarios de su site, a trav\u00e9s de los medios disponibles y a impedir su transmisi\u00f3n, difusi\u00f3n o puesta a disposici\u00f3n de terceros en el caso de que, a su juicio, resulten contrarios a lo dispuesto en estas normas y condiciones de uso.<br \/><br \/><br \/>AKROS INGENIER\u00cdA no se hace responsable de los perjuicios que se pudieran derivar de interferencias, omisiones, interrupciones, virus inform\u00e1ticos, aver\u00edas y\/o desconexiones en el funcionamiento operativo del sistema electr\u00f3nico o en los aparatos y equipos inform\u00e1ticos de los Usuarios, motivadas por causas ajenas a AKROS INGENIER\u00cdA, que impidan o retrasen la navegaci\u00f3n por el Sitio Web y\/o las Aplicaciones, ni de los retrasos o bloqueos en el uso causados por deficiencias o sobrecargas de Internet o en otros sistemas electr\u00f3nicos, ni de la imposibilidad de dar el servicio o permitir el acceso por causas no imputables a AKROS INGENIER\u00cdA, debidas al Usuario, a terceros, o a supuestos de fuerza mayor. AKROS INGENIER\u00cdA no se hace responsable por la utilizaci\u00f3n que el Usuario realice del contenido del Sitio Web y\/o las Aplicaciones que pueda suponer una violaci\u00f3n de cualquier tipo de norma, nacional o internacional, de los derechos de propiedad intelectual o industrial o de cualesquiera otros derechos de terceros.<br \/><br \/><br \/><strong>PROPIEDAD INTELECTUAL E INDUSTRIAL<\/strong>:<br \/>Los derechos de la propiedad intelectual de todos los contenidos y dise\u00f1o gr\u00e1fico de esta p\u00e1gina web son titularidad de AKROS INGENIER\u00cdA y se encuentran regulados por las leyes de Copyright as\u00ed como por las directrices determinadas por las licencias Creative Commons. La reproducci\u00f3n, copia, uso, distribuci\u00f3n, comercializaci\u00f3n, comunicaci\u00f3n p\u00fablica, m\u00e1s all\u00e1 de lo permitido por las citadas leyes y licencias, constituye una infracci\u00f3n de los derechos de propiedad intelectual de AKROS INGENIER\u00cdA, sancionable por la legislaci\u00f3n vigente. Igualmente, todos los nombres comerciales, marcas o signos distintivos de cualquier clase contenidos en el sitio web de AKROS INGENIER\u00cdA est\u00e1n protegidos por Ley. Asimismo, el usuario reconoce que la informaci\u00f3n a la cual puede acceder a trav\u00e9s de la p\u00e1gina web puede estar protegida por derechos de propiedad industrial, intelectual o de otra \u00edndole. AKROS INGENIER\u00cdA no ser\u00e1 responsable en ning\u00fan caso y bajo ning\u00fan concepto de las infracciones de tales derechos que puedan ser cometidas por el usuario.<br \/><br \/><br \/>Mediante estas Condiciones de Uso no se cede ning\u00fan derecho de propiedad intelectual o industrial, tales como derechos de autor, marcas, dise\u00f1os u otros derechos, sobre las Aplicaciones ni sobre ninguno de sus elementos integrantes, excepto por la licencia de uso limitada que se concede a los Usuarios para utilizar las Aplicaciones en los t\u00e9rminos aqu\u00ed previstos.<br \/><br \/><br \/><strong>RESPONSABILIDAD:<\/strong><br \/>AKROS INGENIER\u00cdA no se responsabiliza de la mala utilizaci\u00f3n que por parte de los usuarios de internet hagan de los contenidos de la p\u00e1gina web, siendo el usuario el \u00fanico responsable de las infracciones en que pueda incurrir. Del mismo modo, rechaza la responsabilidad sobre cualquier informaci\u00f3n no contenida en estas p\u00e1ginas web y, por tanto, no elaborada por AKROS INGENIER\u00cdA o no publicada con su nombre. AKROS INGENIER\u00cdA no ser\u00e1 responsable en caso de que existan interrupciones del servicio, demoras, errores, mal funcionamiento del mismo y, en general, dem\u00e1s inconvenientes que tengan su origen en causas que escapan del control de AKROS INGENIER\u00cdA, y\/o debida a una actuaci\u00f3n dolosa o culposa del usuario y\/o tenga por origen causas de fuerza mayor. Sin perjuicio de lo establecido en el art\u00edculo 1105 del C\u00f3digo Civil, se entender\u00e1n por causas de fuerza mayor, adem\u00e1s, y a los efectos de las presentes condiciones generales, todos aquellos acontecimientos acaecidos fuera del control de AKROS INGENIER\u00cdA, tales como: fallo de terceros, operadores o compa\u00f1\u00edas de servicios, actos de Gobierno, falta de acceso a redes de terceros, actos u omisiones de las autoridades p\u00fablicas, aquellos otros producidos como consecuencia de fen\u00f3menos naturales , apagones, etc. y el ataque de Hackers, o terceros especializados, a la seguridad o integridad del sistema inform\u00e1tico, siempre que AKROS INGENIER\u00cdA haya adoptado todas las medidas de seguridad existentes de acuerdo con el estado de la t\u00e9cnica. En cualquier caso, sea cual fuere su causa, AKROS INGENIER\u00cdA no asumir\u00e1 responsabilidad alguna ya sea por da\u00f1os directos o indirectos, da\u00f1o emergente y\/o por lucro cesante. AKROS INGENIER\u00cdA tendr\u00e1 derecho, sin que exista indemnizaci\u00f3n alguna al usuario por estos conceptos, a suspender temporalmente los servicios y contenidos del Sitio web par a efectuar operaciones de mantenimiento, mejora o reparaci\u00f3n de los mismos. AKROS INGENIER\u00cdA no ser\u00e1 responsable de posibles da\u00f1os y perjuicios que se puedan derivar en los equipos de los usuarios por posibles virus inform\u00e1ticos contra\u00eddos por el usuario a causa de su navegaci\u00f3n en el Sitio web, o por cualesquiera otros da\u00f1os derivados de esa navegaci\u00f3n. AKROS INGENIER\u00cdA no se hace responsable de la veracidad, falta de utilidad o adecuaci\u00f3n para un uso espec\u00edfico del presente Sitio web ni de los contenidos; de la p\u00e9rdida de datos o servicios como consecuencia de cualquier retraso, falta de entrega, entrega incorrecta de los productos expuestos o interrupci\u00f3n del servicio; de la exactitud, calidad o naturaleza de la informaci\u00f3n obtenida a trav\u00e9s de sus contenidos. En cualquier caso, la informaci\u00f3n proporcionada en este sitio web est\u00e1 dirigida a complementar y no a reemplazar el asesoramiento que en todo caso debe obtenerse directamente de profesionales competentes.<\/p>\t\t\t\t\t\t<\/div>\n\t\t\t\t<\/div>\n\t\t\t\t<\/div>\n\t\t\t\t<\/div>\n\t\t\t\t<\/div>\n\t\t","protected":false},"excerpt":{"rendered":"<p>CONDICIONES DE USO Akros Ingenier\u00eda es titular de los derechos de propiedad intelectual o de cualquiera otro tipo sobre la web. El acceso y uso por los usuarios est\u00e1 sujeto a las presentes condiciones legales de uso, las cuales ser\u00e1n complementadas con cualquier otro texto legal que regule cualquier tipo de funcionalidad, servicio, proceso, plataforma [&hellip;]<\/p>\n","protected":false},"author":2,"featured_media":0,"parent":0,"menu_order":0,"comment_status":"closed","ping_status":"closed","template":"","meta":{"footnotes":""},"class_list":["post-3711","page","type-page","status-publish","hentry"],"yoast_head":"<!-- This site is optimized with the Yoast SEO plugin v23.8 - https:\/\/yoast.com\/wordpress\/plugins\/seo\/ -->\n<title>CONDICIONES DE USO - Akros<\/title>\n<meta name=\"robots\" content=\"noindex, nofollow\" \/>\n<meta property=\"og:locale\" content=\"es_ES\" \/>\n<meta property=\"og:type\" content=\"article\" \/>\n<meta property=\"og:title\" content=\"CONDICIONES DE USO - Akros\" \/>\n<meta property=\"og:description\" content=\"CONDICIONES DE USO Akros Ingenier\u00eda es titular de los derechos de propiedad intelectual o de cualquiera otro tipo sobre la web. El acceso y uso por los usuarios est\u00e1 sujeto a las presentes condiciones legales de uso, las cuales ser\u00e1n complementadas con cualquier otro texto legal que regule cualquier tipo de funcionalidad, servicio, proceso, plataforma [&hellip;]\" \/>\n<meta property=\"og:url\" content=\"https:\/\/akrosingenieria.com\/index.php\/condiciones-de-uso\/\" \/>\n<meta property=\"og:site_name\" content=\"Akros\" \/>\n<meta property=\"article:modified_time\" content=\"2024-11-14T11:17:22+00:00\" \/>\n<meta name=\"twitter:card\" content=\"summary_large_image\" \/>\n<meta name=\"twitter:label1\" content=\"Tiempo de lectura\" \/>\n\t<meta name=\"twitter:data1\" content=\"9 minutos\" \/>\n<script type=\"application\/ld+json\" class=\"yoast-schema-graph\">{\"@context\":\"https:\/\/schema.org\",\"@graph\":[{\"@type\":\"WebPage\",\"@id\":\"https:\/\/akrosingenieria.com\/index.php\/condiciones-de-uso\/\",\"url\":\"https:\/\/akrosingenieria.com\/index.php\/condiciones-de-uso\/\",\"name\":\"CONDICIONES DE USO - Akros\",\"isPartOf\":{\"@id\":\"https:\/\/akrosingenieria.com\/#website\"},\"datePublished\":\"2024-06-11T08:19:30+00:00\",\"dateModified\":\"2024-11-14T11:17:22+00:00\",\"breadcrumb\":{\"@id\":\"https:\/\/akrosingenieria.com\/index.php\/condiciones-de-uso\/#breadcrumb\"},\"inLanguage\":\"es\",\"potentialAction\":[{\"@type\":\"ReadAction\",\"target\":[\"https:\/\/akrosingenieria.com\/index.php\/condiciones-de-uso\/\"]}]},{\"@type\":\"BreadcrumbList\",\"@id\":\"https:\/\/akrosingenieria.com\/index.php\/condiciones-de-uso\/#breadcrumb\",\"itemListElement\":[{\"@type\":\"ListItem\",\"position\":1,\"name\":\"Portada\",\"item\":\"https:\/\/akrosingenieria.com\/\"},{\"@type\":\"ListItem\",\"position\":2,\"name\":\"CONDICIONES DE USO\"}]},{\"@type\":\"WebSite\",\"@id\":\"https:\/\/akrosingenieria.com\/#website\",\"url\":\"https:\/\/akrosingenieria.com\/\",\"name\":\"Akros\",\"description\":\"Ingenier\u00eda y arquitectura\",\"publisher\":{\"@id\":\"https:\/\/akrosingenieria.com\/#organization\"},\"potentialAction\":[{\"@type\":\"SearchAction\",\"target\":{\"@type\":\"EntryPoint\",\"urlTemplate\":\"https:\/\/akrosingenieria.com\/?s={search_term_string}\"},\"query-input\":{\"@type\":\"PropertyValueSpecification\",\"valueRequired\":true,\"valueName\":\"search_term_string\"}}],\"inLanguage\":\"es\"},{\"@type\":\"Organization\",\"@id\":\"https:\/\/akrosingenieria.com\/#organization\",\"name\":\"Akros\",\"url\":\"https:\/\/akrosingenieria.com\/\",\"logo\":{\"@type\":\"ImageObject\",\"inLanguage\":\"es\",\"@id\":\"https:\/\/akrosingenieria.com\/#\/schema\/logo\/image\/\",\"url\":\"https:\/\/akrosingenieria.com\/wp-content\/uploads\/2024\/04\/logo-head.svg\",\"contentUrl\":\"https:\/\/akrosingenieria.com\/wp-content\/uploads\/2024\/04\/logo-head.svg\",\"width\":100,\"height\":100,\"caption\":\"Akros\"},\"image\":{\"@id\":\"https:\/\/akrosingenieria.com\/#\/schema\/logo\/image\/\"}}]}<\/script>\n<!-- \/ Yoast SEO plugin. -->","yoast_head_json":{"title":"CONDICIONES DE USO - Akros","robots":{"index":"noindex","follow":"nofollow"},"og_locale":"es_ES","og_type":"article","og_title":"CONDICIONES DE USO - Akros","og_description":"CONDICIONES DE USO Akros Ingenier\u00eda es titular de los derechos de propiedad intelectual o de cualquiera otro tipo sobre la web. El acceso y uso por los usuarios est\u00e1 sujeto a las presentes condiciones legales de uso, las cuales ser\u00e1n complementadas con cualquier otro texto legal que regule cualquier tipo de funcionalidad, servicio, proceso, plataforma [&hellip;]","og_url":"https:\/\/akrosingenieria.com\/index.php\/condiciones-de-uso\/","og_site_name":"Akros","article_modified_time":"2024-11-14T11:17:22+00:00","twitter_card":"summary_large_image","twitter_misc":{"Tiempo de lectura":"9 minutos"},"schema":{"@context":"https:\/\/schema.org","@graph":[{"@type":"WebPage","@id":"https:\/\/akrosingenieria.com\/index.php\/condiciones-de-uso\/","url":"https:\/\/akrosingenieria.com\/index.php\/condiciones-de-uso\/","name":"CONDICIONES DE USO - Akros","isPartOf":{"@id":"https:\/\/akrosingenieria.com\/#website"},"datePublished":"2024-06-11T08:19:30+00:00","dateModified":"2024-11-14T11:17:22+00:00","breadcrumb":{"@id":"https:\/\/akrosingenieria.com\/index.php\/condiciones-de-uso\/#breadcrumb"},"inLanguage":"es","potentialAction":[{"@type":"ReadAction","target":["https:\/\/akrosingenieria.com\/index.php\/condiciones-de-uso\/"]}]},{"@type":"BreadcrumbList","@id":"https:\/\/akrosingenieria.com\/index.php\/condiciones-de-uso\/#breadcrumb","itemListElement":[{"@type":"ListItem","position":1,"name":"Portada","item":"https:\/\/akrosingenieria.com\/"},{"@type":"ListItem","position":2,"name":"CONDICIONES DE USO"}]},{"@type":"WebSite","@id":"https:\/\/akrosingenieria.com\/#website","url":"https:\/\/akrosingenieria.com\/","name":"Akros","description":"Ingenier\u00eda y arquitectura","publisher":{"@id":"https:\/\/akrosingenieria.com\/#organization"},"potentialAction":[{"@type":"SearchAction","target":{"@type":"EntryPoint","urlTemplate":"https:\/\/akrosingenieria.com\/?s={search_term_string}"},"query-input":{"@type":"PropertyValueSpecification","valueRequired":true,"valueName":"search_term_string"}}],"inLanguage":"es"},{"@type":"Organization","@id":"https:\/\/akrosingenieria.com\/#organization","name":"Akros","url":"https:\/\/akrosingenieria.com\/","logo":{"@type":"ImageObject","inLanguage":"es","@id":"https:\/\/akrosingenieria.com\/#\/schema\/logo\/image\/","url":"https:\/\/akrosingenieria.com\/wp-content\/uploads\/2024\/04\/logo-head.svg","contentUrl":"https:\/\/akrosingenieria.com\/wp-content\/uploads\/2024\/04\/logo-head.svg","width":100,"height":100,"caption":"Akros"},"image":{"@id":"https:\/\/akrosingenieria.com\/#\/schema\/logo\/image\/"}}]}},"_links":{"self":[{"href":"https:\/\/akrosingenieria.com\/index.php\/wp-json\/wp\/v2\/pages\/3711","targetHints":{"allow":["GET"]}}],"collection":[{"href":"https:\/\/akrosingenieria.com\/index.php\/wp-json\/wp\/v2\/pages"}],"about":[{"href":"https:\/\/akrosingenieria.com\/index.php\/wp-json\/wp\/v2\/types\/page"}],"author":[{"embeddable":true,"href":"https:\/\/akrosingenieria.com\/index.php\/wp-json\/wp\/v2\/users\/2"}],"replies":[{"embeddable":true,"href":"https:\/\/akrosingenieria.com\/index.php\/wp-json\/wp\/v2\/comments?post=3711"}],"version-history":[{"count":51,"href":"https:\/\/akrosingenieria.com\/index.php\/wp-json\/wp\/v2\/pages\/3711\/revisions"}],"predecessor-version":[{"id":3846,"href":"https:\/\/akrosingenieria.com\/index.php\/wp-json\/wp\/v2\/pages\/3711\/revisions\/3846"}],"wp:attachment":[{"href":"https:\/\/akrosingenieria.com\/index.php\/wp-json\/wp\/v2\/media?parent=3711"}],"curies":[{"name":"wp","href":"https:\/\/api.w.org\/{rel}","templated":true}]}}